{"id":1657,"date":"2024-11-25T20:17:26","date_gmt":"2024-11-25T20:17:26","guid":{"rendered":"https:\/\/sukm.rs\/?page_id=1657"},"modified":"2025-11-21T08:25:51","modified_gmt":"2025-11-21T08:25:51","slug":"prijava-apstrakata","status":"publish","type":"page","link":"https:\/\/sukm.rs\/en\/prijava-apstrakata\/","title":{"rendered":"More information about the Congress"},"content":{"rendered":"<div class=\"fusion-fullwidth fullwidth-box fusion-builder-row-1 fusion-flex-container nonhundred-percent-fullwidth non-hundred-percent-height-scrolling\" style=\"background-color: rgba(255,255,255,0);background-position: center center;background-repeat: no-repeat;border-width: 0px 0px 0px 0px;border-color:var(--awb-color3);border-style:solid;\" ><div class=\"fusion-builder-row fusion-row fusion-flex-align-items-flex-start\" style=\"max-width:1216.8px;margin-left: calc(-4% \/ 2 );margin-right: calc(-4% \/ 2 );\"><div class=\"fusion-layout-column fusion_builder_column fusion-builder-column-0 fusion_builder_column_1_1 1_1 fusion-flex-column\"><div class=\"fusion-column-wrapper fusion-flex-justify-content-flex-start fusion-content-layout-column\" style=\"background-position:left top;background-repeat:no-repeat;-webkit-background-size:cover;-moz-background-size:cover;-o-background-size:cover;background-size:cover;padding: 0px 0px 0px 0px;\"><div class=\"fusion-text fusion-text-1\"><h4>First Serbian Congress of Clinical Microbiology SCCM 2023 with international participation<\/h4>\n<p><strong style=\"color: #474b7c;\">Date:<\/strong> 10-12. May 2023<br \/>\n<strong style=\"color: #474b7c;\">Venue:<\/strong> Hotel Crowne Plaza, Belgrade<\/p>\n<p>The Congress is in the process of accreditation by the Health Council of the Republic of Serbia.<\/p>\n<h4 class=\"fusion-responsive-typography-calculated\" style=\"--fontsize: 24; line-height: 1.4;\" data-fontsize=\"24\" data-lineheight=\"33.6px\"><strong>MAIN TOPICS<\/strong><\/h4>\n<ul>\n<li>Microbiological diagnostics (updates in conventional, molecular and serological diagnostics), rapid diagnostics and &#8220;point of care&#8221; tests<\/li>\n<li>Antimicrobial resistance, antimicrobial therapy, new antimicrobials (antibiotics, antivirals, antifungals, etc.)<\/li>\n<li>Microbiota and probiotics<\/li>\n<li>Viral hepatitis and HIV<\/li>\n<li>COVID-19<\/li>\n<li>Vaccines and immunoprophylaxis<\/li>\n<li>Diagnosis and therapy of fungal infections<\/li>\n<li>Diagnosis and therapy of blood-stream infections<\/li>\n<li>Diagnostics and therapy of respiratory tract infections<\/li>\n<li>Diagnosis and therapy of urinary tract infections and sexually transmitted infections<\/li>\n<li>Diagnosis and therapy of gastrointestinal tract infections, <em>Clostridioides difficile<\/em> infections<\/li>\n<li>Free topics<\/li>\n<\/ul>\n<\/div><div class=\"fusion-text fusion-text-2\"><h4 class=\"\" data-fontsize=\"24\" data-lineheight=\"33.6px\">Confirmed Keynote Speakers<\/h4>\n<ul>\n<li><span style=\"color: #474b7c;\">Dr Robert Skov, MD, Denmark, ESCMID President-elect &#038; Secretary General<\/span><\/li>\n<li><span style=\"color: #474b7c;\">Dr Anders Rhod Larsen, PhD, Denmark, AMR (Antimicrobial resistance) expert<\/span><\/li>\n<li><span style=\"color: #474b7c;\">Prof. dr Bojana Beovi\u0107, Slovenia, ESCMID AMS (Antimicrobial stewardship) expert<\/span><\/li>\n<li><span style=\"color: #474b7c;\">Prof. dr Ana Budimir, Croatia, ESCMID expert \u2013 healthcare-associated infections<\/span><\/li>\n<li><span style=\"color: #474b7c;\">Prof. dr Sanja Ple\u0161ko, Croatia, European Confederation of Medical Mycology Excellence Center<\/span><\/li>\n<li><span style=\"color: #474b7c;\">Prof. dr Tomislav Me\u0161trovi\u0107, Croatia, ESCMID expert &#8211; microbiome, urinary infections, STD<\/span><\/li>\n<\/ul>\n<\/div><div class=\"fusion-text fusion-text-3\"><h4 class=\"\" data-fontsize=\"24\" data-lineheight=\"33.6px\">Confirmed Faculty<\/h4>\n<\/div><\/div><style type=\"text\/css\">.fusion-body .fusion-builder-column-0{width:100% !important;margin-top : 0px;margin-bottom : 0px;}.fusion-builder-column-0 > .fusion-column-wrapper {padding-top : 0px !important;padding-right : 0px !important;margin-right : 1.92%;padding-bottom : 0px !important;padding-left : 0px !important;margin-left : 1.92%;}@media only screen and (max-width:1024px) {.fusion-body .fusion-builder-column-0{width:100% !important;order : 0;}.fusion-builder-column-0 > .fusion-column-wrapper {margin-right : 1.92%;margin-left : 1.92%;}}@media only screen and (max-width:640px) {.fusion-body .fusion-builder-column-0{width:100% !important;order : 0;}.fusion-builder-column-0 > .fusion-column-wrapper {margin-right : 1.92%;margin-left : 1.92%;}}<\/style><\/div><div class=\"fusion-layout-column fusion_builder_column fusion-builder-column-1 fusion_builder_column_1_2 1_2 fusion-flex-column\"><div class=\"fusion-column-wrapper fusion-flex-justify-content-flex-start fusion-content-layout-column\" style=\"background-position:left top;background-repeat:no-repeat;-webkit-background-size:cover;-moz-background-size:cover;-o-background-size:cover;background-size:cover;padding: 0px 0px 0px 0px;\"><div class=\"fusion-text fusion-text-4\"><ul>\n<li><span style=\"color: #108157;\">Prof. dr Slobodanka \u0110uki\u0107<\/span><\/li>\n<li><span style=\"color: #108157;\">Prof. dr Tomislav Preveden<\/span><\/li>\n<li><span style=\"color: #108157;\">Prof. dr Vera Mija\u010d<\/span><\/li>\n<li><span style=\"color: #108157;\">Prof. dr Nadica Kova\u010devi\u0107<\/span><\/li>\n<li><span style=\"color: #108157;\">Prof. dr Jovan Matija\u0161evi\u0107<\/span><\/li>\n<li><span style=\"color: #108157;\">Prof. dr Ivana Milo\u0161evi\u0107<\/span><\/li>\n<li><span style=\"color: #108157;\">Prof. dr Maja Stanojevi\u0107<\/span><\/li>\n<li><span style=\"color: #108157;\">Prof. dr Aleksandar Vuksanovi\u0107<\/span><\/li>\n<li><span style=\"color: #108157;\">Prof. dr Ivana \u010colovi\u0107 \u010calovski<\/span><\/li>\n<li><span style=\"color: #108157;\">Prof. dr Predrag Stojanovi\u0107<\/span><\/li>\n<li><span style=\"color: #108157;\">Doc. dr Ana Joti\u0107<\/span><\/li>\n<li><span style=\"color: #108157;\">dr Dragana Ivanovi\u0107<\/span><\/li>\n<li><span style=\"color: #108157;\">dr Predrag Bugari\u0107<\/span><\/li>\n<li><span style=\"color: #108157;\">Doc. dr Danijela Miljanovi\u0107<\/span><\/li>\n<li><span style=\"color: #108157;\">Prof. dr Ivana \u0106irkovi\u0107<\/span><\/li>\n<\/ul>\n<\/div><\/div><style type=\"text\/css\">.fusion-body .fusion-builder-column-1{width:50% !important;margin-top : 0px;margin-bottom : 0px;}.fusion-builder-column-1 > .fusion-column-wrapper {padding-top : 0px !important;padding-right : 0px !important;margin-right : 3.84%;padding-bottom : 0px !important;padding-left : 0px !important;margin-left : 3.84%;}@media only screen and (max-width:1024px) {.fusion-body .fusion-builder-column-1{width:100% !important;order : 0;}.fusion-builder-column-1 > .fusion-column-wrapper {margin-right : 1.92%;margin-left : 1.92%;}}@media only screen and (max-width:640px) {.fusion-body .fusion-builder-column-1{width:100% !important;order : 0;}.fusion-builder-column-1 > .fusion-column-wrapper {margin-right : 1.92%;margin-left : 1.92%;}}<\/style><\/div><div class=\"fusion-layout-column fusion_builder_column fusion-builder-column-2 fusion_builder_column_1_2 1_2 fusion-flex-column\"><div class=\"fusion-column-wrapper fusion-flex-justify-content-flex-start fusion-content-layout-column\" style=\"background-position:left top;background-repeat:no-repeat;-webkit-background-size:cover;-moz-background-size:cover;-o-background-size:cover;background-size:cover;padding: 0px 0px 0px 0px;\"><div class=\"fusion-text fusion-text-5\"><ul>\n<li><span style=\"color: #108157;\">Prof. dr Branislava Koci\u0107<\/span><\/li>\n<li><span style=\"color: #108157;\">Prof. dr Sini\u0161a Sevi\u0107<\/span><\/li>\n<li><span style=\"color: #108157;\">Prof. dr Dragana Vukovi\u0107<\/span><\/li>\n<li><span style=\"color: #108157;\">Prof. dr Milo\u0161 Markovi\u0107<\/span><\/li>\n<li><span style=\"color: #108157;\">Prof. dr Maja \u0106upi\u0107<\/span><\/li>\n<li><span style=\"color: #108157;\">Prof. dr Ivana Lazarevi\u0107<\/span><\/li>\n<li><span style=\"color: #108157;\">Prof. dr Goran Stevanovi\u0107<\/span><\/li>\n<li><span style=\"color: #108157;\">Prim. dr sci. med. Biljana Arsi\u0107<\/span><\/li>\n<li><span style=\"color: #108157;\">Prof. dr Ana Banko<\/span><\/li>\n<li><span style=\"color: #108157;\">Doc. dr Deana Medi\u0107<\/span><\/li>\n<li><span style=\"color: #108157;\">Doc. dr Eleonora Dubljanin<\/span><\/li>\n<li><span style=\"color: #108157;\">Dr sci. med. Sne\u017eana Brki\u0107<\/span><\/li>\n<li><span style=\"color: #108157;\">Prof. dr Dragana Bo\u017ei\u0107<\/span><\/li>\n<li><span style=\"color: #108157;\">Prof. dr Gordana Dragovi\u0107 Luki\u0107<\/span><\/li>\n<\/ul>\n<\/div><\/div><style type=\"text\/css\">.fusion-body .fusion-builder-column-2{width:50% !important;margin-top : 0px;margin-bottom : 0px;}.fusion-builder-column-2 > .fusion-column-wrapper {padding-top : 0px !important;padding-right : 0px !important;margin-right : 3.84%;padding-bottom : 0px !important;padding-left : 0px !important;margin-left : 3.84%;}@media only screen and (max-width:1024px) {.fusion-body .fusion-builder-column-2{width:100% !important;order : 0;}.fusion-builder-column-2 > .fusion-column-wrapper {margin-right : 1.92%;margin-left : 1.92%;}}@media only screen and (max-width:640px) {.fusion-body .fusion-builder-column-2{width:100% !important;order : 0;}.fusion-builder-column-2 > .fusion-column-wrapper {margin-right : 1.92%;margin-left : 1.92%;}}<\/style><\/div><div class=\"fusion-layout-column fusion_builder_column fusion-builder-column-3 fusion_builder_column_1_1 1_1 fusion-flex-column\"><div class=\"fusion-column-wrapper fusion-flex-justify-content-flex-start fusion-content-layout-column\" style=\"background-position:left top;background-repeat:no-repeat;-webkit-background-size:cover;-moz-background-size:cover;-o-background-size:cover;background-size:cover;padding: 0px 0px 0px 0px;\"><div class=\"fusion-text fusion-text-6\"><h4 class=\"fusion-responsive-typography-calculated\" style=\"--fontsize: 24; line-height: 1.4;\" data-fontsize=\"24\" data-lineheight=\"33.6px\">Important dates<\/h4>\n<p>The deadline for ABSTRACT SUBMISSION is <strong style=\"color: var(--awb-custom_color_1);\">April 21, 2023<\/strong><br \/>\nThe deadline for REGISTRATION OF PARTICIPATION is <strong style=\"color: var(--awb-custom_color_1);\">May 5, 2023<\/strong><\/p>\n<p><strong style=\"color: var(--awb-custom_color_1);\">President of the Congress<\/strong><span style=\"color: var(--awb-custom_color_1);\">:<\/span> Prof. dr Ivana \u0106irkovi\u0107<br \/>\n<strong style=\"color: var(--awb-custom_color_1);\">Technical organizer<\/strong><span style=\"color: var(--awb-custom_color_1);\">:<\/span> Aria Conference &#038; Events<\/p>\n<h4 class=\"fusion-responsive-typography-calculated\" style=\"--fontsize: 24; line-height: 1.4;\" data-fontsize=\"24\" data-lineheight=\"33.6px\">Reservation Hotel<\/h4>\n<p>For all information regarding hotel reservations during Congress, please contact:<\/p>\n<p>Mrs. Nada Djukic<br \/>\nEmail: nada.djukic@ihg.com<\/p>\n<p>it is necessary to emphasize that you are participants of the Congress in order to receive special room prices.<\/p>\n<p>Congress is accredited by the Health Council of Serbia under decision number 153-02-00118\/2023-01 dated 03\/13\/2023. registration number \u0410-1-190\/23 as a National Congress with international participation with 13 points for lecturers, 11 points for oral presentation, 9 points for poster presentation and 8 points for passive participation<\/p>\n<\/div><\/div><style type=\"text\/css\">.fusion-body .fusion-builder-column-3{width:100% !important;margin-top : 0px;margin-bottom : 0px;}.fusion-builder-column-3 > .fusion-column-wrapper {padding-top : 0px !important;padding-right : 0px !important;margin-right : 1.92%;padding-bottom : 0px !important;padding-left : 0px !important;margin-left : 1.92%;}@media only screen and (max-width:1024px) {.fusion-body .fusion-builder-column-3{width:100% !important;order : 0;}.fusion-builder-column-3 > .fusion-column-wrapper {margin-right : 1.92%;margin-left : 1.92%;}}@media only screen and (max-width:640px) {.fusion-body .fusion-builder-column-3{width:100% !important;order : 0;}.fusion-builder-column-3 > .fusion-column-wrapper {margin-right : 1.92%;margin-left : 1.92%;}}<\/style><\/div><\/div><style type=\"text\/css\">.fusion-body .fusion-flex-container.fusion-builder-row-1{ padding-top : 0px;margin-top : 0px;padding-right : 30px;padding-bottom : 0px;margin-bottom : 0px;padding-left : 30px;}<\/style><\/div>\n","protected":false},"excerpt":{"rendered":"","protected":false},"author":4,"featured_media":0,"parent":0,"menu_order":0,"comment_status":"closed","ping_status":"closed","template":"","meta":{"footnotes":""},"class_list":["post-1657","page","type-page","status-publish","hentry"],"yoast_head":"<!-- This site is optimized with the Yoast SEO plugin v25.2 - https:\/\/yoast.com\/wordpress\/plugins\/seo\/ -->\n<title>More information about the Congress - SUKM<\/title>\n<meta name=\"robots\" content=\"index, follow, max-snippet:-1, max-image-preview:large, max-video-preview:-1\" \/>\n<link rel=\"canonical\" href=\"https:\/\/sukm.rs\/en\/prijava-apstrakata\/\" \/>\n<meta property=\"og:locale\" content=\"en_US\" \/>\n<meta property=\"og:locale:alternate\" content=\"sr_RS\" \/>\n<meta property=\"og:type\" content=\"article\" \/>\n<meta property=\"og:title\" content=\"More information about the Congress\" \/>\n<meta property=\"og:url\" content=\"https:\/\/sukm.rs\/en\/prijava-apstrakata\/\" \/>\n<meta property=\"og:site_name\" content=\"SUKM\" \/>\n<meta property=\"article:publisher\" content=\"https:\/\/www.facebook.com\/antibiogram\/\" \/>\n<meta property=\"article:modified_time\" content=\"2025-11-21T08:25:51+00:00\" \/>\n<meta name=\"twitter:card\" content=\"summary_large_image\" \/>\n<meta name=\"twitter:label1\" content=\"Est. reading time\" \/>\n\t<meta name=\"twitter:data1\" content=\"2 minutes\" \/>\n<script type=\"application\/ld+json\" class=\"yoast-schema-graph\">{\"@context\":\"https:\/\/schema.org\",\"@graph\":[{\"@type\":\"WebPage\",\"@id\":\"https:\/\/sukm.rs\/prijava-apstrakata\/\",\"url\":\"https:\/\/sukm.rs\/prijava-apstrakata\/\",\"name\":\"More information about the Congress\",\"isPartOf\":{\"@id\":\"https:\/\/sukm.rs\/#website\"},\"datePublished\":\"2024-11-25T20:17:26+00:00\",\"dateModified\":\"2025-11-21T08:25:51+00:00\",\"breadcrumb\":{\"@id\":\"https:\/\/sukm.rs\/prijava-apstrakata\/#breadcrumb\"},\"inLanguage\":\"en-US\",\"potentialAction\":[{\"@type\":\"ReadAction\",\"target\":[\"https:\/\/sukm.rs\/prijava-apstrakata\/\"]}]},{\"@type\":\"BreadcrumbList\",\"@id\":\"https:\/\/sukm.rs\/prijava-apstrakata\/#breadcrumb\",\"itemListElement\":[{\"@type\":\"ListItem\",\"position\":1,\"name\":\"Home\",\"item\":\"https:\/\/sukm.rs\/\"},{\"@type\":\"ListItem\",\"position\":2,\"name\":\"Prijava Apstrakata\"}]},{\"@type\":\"WebSite\",\"@id\":\"https:\/\/sukm.rs\/#website\",\"url\":\"https:\/\/sukm.rs\/\",\"name\":\"SUKM\",\"description\":\"Srpsko udru\u017eenje za klini\u010dku mikrobiologiju\",\"publisher\":{\"@id\":\"https:\/\/sukm.rs\/#organization\"},\"potentialAction\":[{\"@type\":\"SearchAction\",\"target\":{\"@type\":\"EntryPoint\",\"urlTemplate\":\"https:\/\/sukm.rs\/?s={search_term_string}\"},\"query-input\":{\"@type\":\"PropertyValueSpecification\",\"valueRequired\":true,\"valueName\":\"search_term_string\"}}],\"inLanguage\":\"en-US\"},{\"@type\":\"Organization\",\"@id\":\"https:\/\/sukm.rs\/#organization\",\"name\":\"Srpsko udru\u017eenje za klini\u010dku mikrobiologiju\",\"url\":\"https:\/\/sukm.rs\/\",\"logo\":{\"@type\":\"ImageObject\",\"inLanguage\":\"en-US\",\"@id\":\"https:\/\/sukm.rs\/#\/schema\/logo\/image\/\",\"url\":\"https:\/\/sukm.rs\/wp-content\/uploads\/2022\/03\/logo-295x58-2.png\",\"contentUrl\":\"https:\/\/sukm.rs\/wp-content\/uploads\/2022\/03\/logo-295x58-2.png\",\"width\":295,\"height\":98,\"caption\":\"Srpsko udru\u017eenje za klini\u010dku mikrobiologiju\"},\"image\":{\"@id\":\"https:\/\/sukm.rs\/#\/schema\/logo\/image\/\"},\"sameAs\":[\"https:\/\/www.facebook.com\/antibiogram\/\"]}]}<\/script>\n<!-- \/ Yoast SEO plugin. -->","yoast_head_json":{"title":"More information about the Congress - SUKM","robots":{"index":"index","follow":"follow","max-snippet":"max-snippet:-1","max-image-preview":"max-image-preview:large","max-video-preview":"max-video-preview:-1"},"canonical":"https:\/\/sukm.rs\/en\/prijava-apstrakata\/","og_locale":"en_US","og_type":"article","og_title":"[:rs]Prijava Apstrakata[:en]More information about the Congress[:] - SUKM","og_url":"https:\/\/sukm.rs\/en\/prijava-apstrakata\/","og_site_name":"SUKM","article_publisher":"https:\/\/www.facebook.com\/antibiogram\/","article_modified_time":"2025-11-21T08:25:51+00:00","twitter_card":"summary_large_image","twitter_misc":{"Est. reading time":"2 minutes"},"schema":{"@context":"https:\/\/schema.org","@graph":[{"@type":"WebPage","@id":"https:\/\/sukm.rs\/prijava-apstrakata\/","url":"https:\/\/sukm.rs\/prijava-apstrakata\/","name":"More information about the Congress","isPartOf":{"@id":"https:\/\/sukm.rs\/#website"},"datePublished":"2024-11-25T20:17:26+00:00","dateModified":"2025-11-21T08:25:51+00:00","breadcrumb":{"@id":"https:\/\/sukm.rs\/prijava-apstrakata\/#breadcrumb"},"inLanguage":"en-US","potentialAction":[{"@type":"ReadAction","target":["https:\/\/sukm.rs\/prijava-apstrakata\/"]}]},{"@type":"BreadcrumbList","@id":"https:\/\/sukm.rs\/prijava-apstrakata\/#breadcrumb","itemListElement":[{"@type":"ListItem","position":1,"name":"Home","item":"https:\/\/sukm.rs\/"},{"@type":"ListItem","position":2,"name":"Prijava Apstrakata"}]},{"@type":"WebSite","@id":"https:\/\/sukm.rs\/#website","url":"https:\/\/sukm.rs\/","name":"SUKM","description":"Srpsko udru\u017eenje za klini\u010dku mikrobiologiju","publisher":{"@id":"https:\/\/sukm.rs\/#organization"},"potentialAction":[{"@type":"SearchAction","target":{"@type":"EntryPoint","urlTemplate":"https:\/\/sukm.rs\/?s={search_term_string}"},"query-input":{"@type":"PropertyValueSpecification","valueRequired":true,"valueName":"search_term_string"}}],"inLanguage":"en-US"},{"@type":"Organization","@id":"https:\/\/sukm.rs\/#organization","name":"Srpsko udru\u017eenje za klini\u010dku mikrobiologiju","url":"https:\/\/sukm.rs\/","logo":{"@type":"ImageObject","inLanguage":"en-US","@id":"https:\/\/sukm.rs\/#\/schema\/logo\/image\/","url":"https:\/\/sukm.rs\/wp-content\/uploads\/2022\/03\/logo-295x58-2.png","contentUrl":"https:\/\/sukm.rs\/wp-content\/uploads\/2022\/03\/logo-295x58-2.png","width":295,"height":98,"caption":"Srpsko udru\u017eenje za klini\u010dku mikrobiologiju"},"image":{"@id":"https:\/\/sukm.rs\/#\/schema\/logo\/image\/"},"sameAs":["https:\/\/www.facebook.com\/antibiogram\/"]}]}},"_links":{"self":[{"href":"https:\/\/sukm.rs\/en\/wp-json\/wp\/v2\/pages\/1657","targetHints":{"allow":["GET"]}}],"collection":[{"href":"https:\/\/sukm.rs\/en\/wp-json\/wp\/v2\/pages"}],"about":[{"href":"https:\/\/sukm.rs\/en\/wp-json\/wp\/v2\/types\/page"}],"author":[{"embeddable":true,"href":"https:\/\/sukm.rs\/en\/wp-json\/wp\/v2\/users\/4"}],"replies":[{"embeddable":true,"href":"https:\/\/sukm.rs\/en\/wp-json\/wp\/v2\/comments?post=1657"}],"version-history":[{"count":4,"href":"https:\/\/sukm.rs\/en\/wp-json\/wp\/v2\/pages\/1657\/revisions"}],"predecessor-version":[{"id":1817,"href":"https:\/\/sukm.rs\/en\/wp-json\/wp\/v2\/pages\/1657\/revisions\/1817"}],"wp:attachment":[{"href":"https:\/\/sukm.rs\/en\/wp-json\/wp\/v2\/media?parent=1657"}],"curies":[{"name":"wp","href":"https:\/\/api.w.org\/{rel}","templated":true}]}}