{"id":1809,"date":"2025-11-21T08:16:06","date_gmt":"2025-11-21T08:16:06","guid":{"rendered":"https:\/\/sukm.rs\/?page_id=1809"},"modified":"2026-03-18T16:31:33","modified_gmt":"2026-03-18T16:31:33","slug":"registracija-skkm-2026","status":"publish","type":"page","link":"https:\/\/sukm.rs\/en\/registracija-skkm-2026\/","title":{"rendered":"Regstration"},"content":{"rendered":"<div class=\"fusion-fullwidth fullwidth-box fusion-builder-row-1 fusion-flex-container nonhundred-percent-fullwidth non-hundred-percent-height-scrolling\" style=\"background-color: rgba(255,255,255,0);background-position: center center;background-repeat: no-repeat;border-width: 0px 0px 0px 0px;border-color:var(--awb-color3);border-style:solid;\" ><div class=\"fusion-builder-row fusion-row fusion-flex-align-items-flex-start\" style=\"max-width:1216.8px;margin-left: calc(-4% \/ 2 );margin-right: calc(-4% \/ 2 );\"><div class=\"fusion-layout-column fusion_builder_column fusion-builder-column-0 fusion_builder_column_1_1 1_1 fusion-flex-column\"><div class=\"fusion-column-wrapper fusion-flex-justify-content-flex-start fusion-content-layout-column\" style=\"background-position:left top;background-repeat:no-repeat;-webkit-background-size:cover;-moz-background-size:cover;-o-background-size:cover;background-size:cover;padding: 0px 0px 0px 0px;\"><div class=\"fusion-text fusion-text-1\"><p><strong style=\"color: #652e90;\">THE DEADLINE FOR REGISTRATION IS MARCH 12, 2026.<\/strong><\/p>\n<p><strong>Registration Fee<\/strong><\/p>\n<table style=\"border-collapse: collapse; width: 100%;\">\n<tbody>\n<tr>\n<th style=\"text-align: left; padding: 4px;\">Category<\/th>\n<th style=\"text-align: left; padding: 4px;\">Price<\/th>\n<\/tr>\n<tr>\n<td style=\"padding: 4px;\">Specialist physicians<\/td>\n<td style=\"padding: 4px;\">9,500.00 RSD (80 EUR)<\/td>\n<\/tr>\n<tr>\n<td style=\"padding: 4px;\">Resident physicians<\/td>\n<td style=\"padding: 4px;\">7,000.00 RSD (60 EUR)<\/td>\n<\/tr>\n<tr>\n<td style=\"padding: 4px;\">Laboratory technicians<\/td>\n<td style=\"padding: 4px;\">7,000.00 RSD (60 EUR)<\/td>\n<\/tr>\n<\/tbody>\n<\/table>\n<p><em>The registration fee includes: participation in the scientific and commercial program, visit to the exhibition area, meeting materials, ID card, certificate of participation (does not include accommodation and formal dinner).<\/em><\/p>\n<p>Instructions for payment of the registration fee in foreign currency<br \/>\nIntermediary: BCITITMM, INTESA SANPAOLO SPA, MILANO, ITALY<br \/>\nAccount No\/ SWIFT CODE: DBDBRSBG<br \/>\nAddress of the bank: BANCA INTESA AD BEOGRAD, Milentija Popovi\u0107a 7 B, Beograd, Republika Srbija<br \/>\nBeneficiary Customer \/ IBAN No: RS35160600000137711822<br \/>\nName and Address of Beneficiary Customer: Srpsko Udru\u017eenje za klini\u010dku mikrobiologiju, Dr Suboti\u0107a Starijeg 1, Savski Venac, Beograd.<\/p>\n<h4>REGISTRATION<\/h4>\n<p><strong><div role=\"form\" class=\"wpcf7\" id=\"wpcf7-f1556-o1\" lang=\"en-US\" dir=\"ltr\">\n<div class=\"screen-reader-response\"><p role=\"status\" aria-live=\"polite\" aria-atomic=\"true\"><\/p> <ul><\/ul><\/div>\n<form action=\"\/en\/wp-json\/wp\/v2\/pages\/1809#wpcf7-f1556-o1\" method=\"post\" class=\"wpcf7-form init\" novalidate=\"novalidate\" data-status=\"init\">\n<div style=\"display: none;\">\n<input type=\"hidden\" name=\"_wpcf7\" value=\"1556\" \/>\n<input type=\"hidden\" name=\"_wpcf7_version\" value=\"5.5.6\" \/>\n<input type=\"hidden\" name=\"_wpcf7_locale\" value=\"en_US\" \/>\n<input type=\"hidden\" name=\"_wpcf7_unit_tag\" value=\"wpcf7-f1556-o1\" \/>\n<input type=\"hidden\" name=\"_wpcf7_container_post\" value=\"0\" \/>\n<input type=\"hidden\" name=\"_wpcf7_posted_data_hash\" value=\"\" \/>\n<input type=\"hidden\" name=\"lang\" value=\"en\" \/>\n<\/div>\n<h4><strong>Li\u010dni podaci<\/strong><\/h4>\n<p>Im\u0435\/Name*<br \/>\n    <span class=\"wpcf7-form-control-wrap your-name\"><input type=\"text\" name=\"your-name\" value=\"\" size=\"40\" class=\"wpcf7-form-control wpcf7-text wpcf7-validates-as-required\" aria-required=\"true\" aria-invalid=\"false\" \/><\/span> <\/p>\n<p>Prezime\/Surname*<br \/>\n    <span class=\"wpcf7-form-control-wrap your-secondname\"><input type=\"text\" name=\"your-secondname\" value=\"\" size=\"40\" class=\"wpcf7-form-control wpcf7-text wpcf7-validates-as-required\" aria-required=\"true\" aria-invalid=\"false\" \/><\/span> <\/p>\n<p>Ustanova\/Institution*<br \/>\n    <span class=\"wpcf7-form-control-wrap text-893\"><input type=\"text\" name=\"text-893\" value=\"\" size=\"40\" class=\"wpcf7-form-control wpcf7-text wpcf7-validates-as-required\" aria-required=\"true\" aria-invalid=\"false\" \/><\/span>   <\/p>\n<p>Adresa\/Address*<br \/>\n    <span class=\"wpcf7-form-control-wrap text-894\"><input type=\"text\" name=\"text-894\" value=\"\" size=\"40\" class=\"wpcf7-form-control wpcf7-text\" aria-invalid=\"false\" \/><\/span>   <\/p>\n<p>Broj licence\/License number*<br \/>\n    <span class=\"wpcf7-form-control-wrap text-128\"><input type=\"text\" name=\"text-128\" value=\"\" size=\"40\" class=\"wpcf7-form-control wpcf7-text wpcf7-validates-as-required\" aria-required=\"true\" aria-invalid=\"false\" \/><\/span>   <\/p>\n<p>Kontakt telefon\/Phone*<br \/>\n    <span class=\"wpcf7-form-control-wrap tel-0\"><input type=\"tel\" name=\"tel-0\" value=\"\" size=\"40\" class=\"wpcf7-form-control wpcf7-text wpcf7-tel wpcf7-validates-as-tel\" aria-invalid=\"false\" \/><\/span>      <\/p>\n<p>E-mail*<br \/>\n    <span class=\"wpcf7-form-control-wrap your-email\"><input type=\"email\" name=\"your-email\" value=\"\" size=\"40\" class=\"wpcf7-form-control wpcf7-text wpcf7-email wpcf7-validates-as-required wpcf7-validates-as-email\" aria-required=\"true\" aria-invalid=\"false\" \/><\/span> <\/p>\n<p>Odaberite iznos kotizacije<br \/>\n<span class=\"wpcf7-form-control-wrap Kotizacija\"><select name=\"Kotizacija\" class=\"wpcf7-form-control wpcf7-select wpcf7-validates-as-required\" aria-required=\"true\" aria-invalid=\"false\"><option value=\"\">---<\/option><option value=\"LEKARI SPECIJALISTI 9.500 rsd (80 EUR)\">LEKARI SPECIJALISTI 9.500 rsd (80 EUR)<\/option><option value=\"LEKARI SPECIJALIZANTI 7.000 rsd (60 EUR)\">LEKARI SPECIJALIZANTI 7.000 rsd (60 EUR)<\/option><option value=\"LABARATORIJSKI TEHNI\u010cARI 7.000 rsd (60 EUR)\">LABARATORIJSKI TEHNI\u010cARI 7.000 rsd (60 EUR)<\/option><option value=\"PREDAVA\u010c\/FACULTY\">PREDAVA\u010c\/FACULTY<\/option><\/select><\/span><\/p>\n<p><input type=\"submit\" value=\"Registruj se\" class=\"wpcf7-form-control has-spinner wpcf7-submit\" \/><\/p>\n<p style=\"display: none !important;\" class=\"akismet-fields-container\" data-prefix=\"_wpcf7_ak_\"><label>&#916;<textarea name=\"_wpcf7_ak_hp_textarea\" cols=\"45\" rows=\"8\" maxlength=\"100\"><\/textarea><\/label><input type=\"hidden\" id=\"ak_js_1\" name=\"_wpcf7_ak_js\" value=\"165\"\/><script>document.getElementById( \"ak_js_1\" ).setAttribute( \"value\", ( new Date() ).getTime() );<\/script><\/p><div class=\"fusion-alert alert custom alert-custom fusion-alert-center wpcf7-response-output fusion-alert-capitalize alert-dismissable\" style=\"border-width:1px;\"><button type=\"button\" class=\"close toggle-alert\" data-dismiss=\"alert\" aria-label=\"Close\">&times;<\/button><div class=\"fusion-alert-content-wrapper\"><span class=\"fusion-alert-content\"><\/span><\/div><\/div><\/form><\/div><\/strong><\/p>\n<p><strong style=\"color: #652e90;\">ACCOMMODATION<\/strong><\/p>\n<p><strong>Hotel Zlatibor 4*<\/strong><br \/>\n<a href=\"https:\/\/www.hotelzlatibor-resort.com\">www.hotelzlatibor-resort.com<\/a><\/p>\n<p><strong>Accommodation Prices<\/strong><br \/>\nService: Full board<\/p>\n<table style=\"border-collapse: collapse; width: 100%;\">\n<tbody>\n<tr>\n<th style=\"text-align: left; padding: 4px;\">Room Type<\/th>\n<th style=\"text-align: left; padding: 4px;\">Price<\/th>\n<\/tr>\n<tr>\n<td style=\"padding: 4px;\">Single room<\/td>\n<td style=\"padding: 4px;\">218.20 EUR<\/td>\n<\/tr>\n<tr>\n<td style=\"padding: 4px;\">Double room<\/td>\n<td style=\"padding: 4px;\">166.70 EUR<\/td>\n<\/tr>\n<\/tbody>\n<\/table>\n<p><strong>Prices are expressed per person and include full board service, residence tax, and VAT.<\/strong><\/p>\n<p style=\"font-weight: 400;\">Reservation of accommodation in the Hotel is made directly with Hotel Zlatibor.<\/p>\n<p><strong>Hotel Registration Form<\/strong><br \/>\n<a href=\"https:\/\/secure.phobs.net\/book.php?page=availability&#038;companyid=1182&#038;hotelid=6489&#038;checkin=2026-03-20&#038;checkout=2026-03-21&#038;package=16860&#038;crcid=b5ff5dade79fe2a206e6a0ee2a8d2503\"><strong>Reservation link<\/strong><\/a><br \/>\nSend the completed form to the e-mail address:<br \/>\n<a href=\"mailto:info@hotelzlatibor-resort.com\">info@hotelzlatibor-resort.com<\/a><\/p>\n<\/div><\/div><style type=\"text\/css\">.fusion-body .fusion-builder-column-0{width:100% !important;margin-top : 0px;margin-bottom : 0px;}.fusion-builder-column-0 > .fusion-column-wrapper {padding-top : 0px !important;padding-right : 0px !important;margin-right : 1.92%;padding-bottom : 0px !important;padding-left : 0px !important;margin-left : 1.92%;}@media only screen and (max-width:1024px) {.fusion-body .fusion-builder-column-0{width:100% !important;order : 0;}.fusion-builder-column-0 > .fusion-column-wrapper {margin-right : 1.92%;margin-left : 1.92%;}}@media only screen and (max-width:640px) {.fusion-body .fusion-builder-column-0{width:100% !important;order : 0;}.fusion-builder-column-0 > .fusion-column-wrapper {margin-right : 1.92%;margin-left : 1.92%;}}<\/style><\/div><\/div><style type=\"text\/css\">.fusion-body .fusion-flex-container.fusion-builder-row-1{ padding-top : 0px;margin-top : 0px;padding-right : 30px;padding-bottom : 0px;margin-bottom : 0px;padding-left : 30px;}<\/style><\/div>\n","protected":false},"excerpt":{"rendered":"","protected":false},"author":4,"featured_media":0,"parent":0,"menu_order":0,"comment_status":"closed","ping_status":"closed","template":"","meta":{"footnotes":""},"class_list":["post-1809","page","type-page","status-publish","hentry"],"yoast_head":"<!-- This site is optimized with the Yoast SEO plugin v25.2 - https:\/\/yoast.com\/wordpress\/plugins\/seo\/ -->\n<title>Regstration - SUKM<\/title>\n<meta name=\"robots\" content=\"index, follow, max-snippet:-1, max-image-preview:large, max-video-preview:-1\" \/>\n<link rel=\"canonical\" href=\"https:\/\/sukm.rs\/en\/registracija-skkm-2026\/\" \/>\n<meta property=\"og:locale\" content=\"en_US\" \/>\n<meta property=\"og:locale:alternate\" content=\"sr_RS\" \/>\n<meta property=\"og:type\" content=\"article\" \/>\n<meta property=\"og:title\" content=\"Regstration\" \/>\n<meta property=\"og:url\" content=\"https:\/\/sukm.rs\/en\/registracija-skkm-2026\/\" \/>\n<meta property=\"og:site_name\" content=\"SUKM\" \/>\n<meta property=\"article:publisher\" content=\"https:\/\/www.facebook.com\/antibiogram\/\" \/>\n<meta property=\"article:modified_time\" content=\"2026-03-18T16:31:33+00:00\" \/>\n<meta name=\"twitter:card\" content=\"summary_large_image\" \/>\n<meta name=\"twitter:label1\" content=\"Est. reading time\" \/>\n\t<meta name=\"twitter:data1\" content=\"3 minutes\" \/>\n<script type=\"application\/ld+json\" class=\"yoast-schema-graph\">{\"@context\":\"https:\/\/schema.org\",\"@graph\":[{\"@type\":\"WebPage\",\"@id\":\"https:\/\/sukm.rs\/registracija-skkm-2026\/\",\"url\":\"https:\/\/sukm.rs\/registracija-skkm-2026\/\",\"name\":\"Regstration\",\"isPartOf\":{\"@id\":\"https:\/\/sukm.rs\/#website\"},\"datePublished\":\"2025-11-21T08:16:06+00:00\",\"dateModified\":\"2026-03-18T16:31:33+00:00\",\"breadcrumb\":{\"@id\":\"https:\/\/sukm.rs\/registracija-skkm-2026\/#breadcrumb\"},\"inLanguage\":\"en-US\",\"potentialAction\":[{\"@type\":\"ReadAction\",\"target\":[\"https:\/\/sukm.rs\/registracija-skkm-2026\/\"]}]},{\"@type\":\"BreadcrumbList\",\"@id\":\"https:\/\/sukm.rs\/registracija-skkm-2026\/#breadcrumb\",\"itemListElement\":[{\"@type\":\"ListItem\",\"position\":1,\"name\":\"Home\",\"item\":\"https:\/\/sukm.rs\/\"},{\"@type\":\"ListItem\",\"position\":2,\"name\":\"Registracija SKKM 2026\"}]},{\"@type\":\"WebSite\",\"@id\":\"https:\/\/sukm.rs\/#website\",\"url\":\"https:\/\/sukm.rs\/\",\"name\":\"SUKM\",\"description\":\"Srpsko udru\u017eenje za klini\u010dku mikrobiologiju\",\"publisher\":{\"@id\":\"https:\/\/sukm.rs\/#organization\"},\"potentialAction\":[{\"@type\":\"SearchAction\",\"target\":{\"@type\":\"EntryPoint\",\"urlTemplate\":\"https:\/\/sukm.rs\/?s={search_term_string}\"},\"query-input\":{\"@type\":\"PropertyValueSpecification\",\"valueRequired\":true,\"valueName\":\"search_term_string\"}}],\"inLanguage\":\"en-US\"},{\"@type\":\"Organization\",\"@id\":\"https:\/\/sukm.rs\/#organization\",\"name\":\"Srpsko udru\u017eenje za klini\u010dku mikrobiologiju\",\"url\":\"https:\/\/sukm.rs\/\",\"logo\":{\"@type\":\"ImageObject\",\"inLanguage\":\"en-US\",\"@id\":\"https:\/\/sukm.rs\/#\/schema\/logo\/image\/\",\"url\":\"https:\/\/sukm.rs\/wp-content\/uploads\/2022\/03\/logo-295x58-2.png\",\"contentUrl\":\"https:\/\/sukm.rs\/wp-content\/uploads\/2022\/03\/logo-295x58-2.png\",\"width\":295,\"height\":98,\"caption\":\"Srpsko udru\u017eenje za klini\u010dku mikrobiologiju\"},\"image\":{\"@id\":\"https:\/\/sukm.rs\/#\/schema\/logo\/image\/\"},\"sameAs\":[\"https:\/\/www.facebook.com\/antibiogram\/\"]}]}<\/script>\n<!-- \/ Yoast SEO plugin. -->","yoast_head_json":{"title":"Regstration - SUKM","robots":{"index":"index","follow":"follow","max-snippet":"max-snippet:-1","max-image-preview":"max-image-preview:large","max-video-preview":"max-video-preview:-1"},"canonical":"https:\/\/sukm.rs\/en\/registracija-skkm-2026\/","og_locale":"en_US","og_type":"article","og_title":"[:rs]Registracija SKKM 2026[:en]Regstration[:] - SUKM","og_url":"https:\/\/sukm.rs\/en\/registracija-skkm-2026\/","og_site_name":"SUKM","article_publisher":"https:\/\/www.facebook.com\/antibiogram\/","article_modified_time":"2026-03-18T16:31:33+00:00","twitter_card":"summary_large_image","twitter_misc":{"Est. reading time":"3 minutes"},"schema":{"@context":"https:\/\/schema.org","@graph":[{"@type":"WebPage","@id":"https:\/\/sukm.rs\/registracija-skkm-2026\/","url":"https:\/\/sukm.rs\/registracija-skkm-2026\/","name":"Regstration","isPartOf":{"@id":"https:\/\/sukm.rs\/#website"},"datePublished":"2025-11-21T08:16:06+00:00","dateModified":"2026-03-18T16:31:33+00:00","breadcrumb":{"@id":"https:\/\/sukm.rs\/registracija-skkm-2026\/#breadcrumb"},"inLanguage":"en-US","potentialAction":[{"@type":"ReadAction","target":["https:\/\/sukm.rs\/registracija-skkm-2026\/"]}]},{"@type":"BreadcrumbList","@id":"https:\/\/sukm.rs\/registracija-skkm-2026\/#breadcrumb","itemListElement":[{"@type":"ListItem","position":1,"name":"Home","item":"https:\/\/sukm.rs\/"},{"@type":"ListItem","position":2,"name":"Registracija SKKM 2026"}]},{"@type":"WebSite","@id":"https:\/\/sukm.rs\/#website","url":"https:\/\/sukm.rs\/","name":"SUKM","description":"Srpsko udru\u017eenje za klini\u010dku mikrobiologiju","publisher":{"@id":"https:\/\/sukm.rs\/#organization"},"potentialAction":[{"@type":"SearchAction","target":{"@type":"EntryPoint","urlTemplate":"https:\/\/sukm.rs\/?s={search_term_string}"},"query-input":{"@type":"PropertyValueSpecification","valueRequired":true,"valueName":"search_term_string"}}],"inLanguage":"en-US"},{"@type":"Organization","@id":"https:\/\/sukm.rs\/#organization","name":"Srpsko udru\u017eenje za klini\u010dku mikrobiologiju","url":"https:\/\/sukm.rs\/","logo":{"@type":"ImageObject","inLanguage":"en-US","@id":"https:\/\/sukm.rs\/#\/schema\/logo\/image\/","url":"https:\/\/sukm.rs\/wp-content\/uploads\/2022\/03\/logo-295x58-2.png","contentUrl":"https:\/\/sukm.rs\/wp-content\/uploads\/2022\/03\/logo-295x58-2.png","width":295,"height":98,"caption":"Srpsko udru\u017eenje za klini\u010dku mikrobiologiju"},"image":{"@id":"https:\/\/sukm.rs\/#\/schema\/logo\/image\/"},"sameAs":["https:\/\/www.facebook.com\/antibiogram\/"]}]}},"_links":{"self":[{"href":"https:\/\/sukm.rs\/en\/wp-json\/wp\/v2\/pages\/1809","targetHints":{"allow":["GET"]}}],"collection":[{"href":"https:\/\/sukm.rs\/en\/wp-json\/wp\/v2\/pages"}],"about":[{"href":"https:\/\/sukm.rs\/en\/wp-json\/wp\/v2\/types\/page"}],"author":[{"embeddable":true,"href":"https:\/\/sukm.rs\/en\/wp-json\/wp\/v2\/users\/4"}],"replies":[{"embeddable":true,"href":"https:\/\/sukm.rs\/en\/wp-json\/wp\/v2\/comments?post=1809"}],"version-history":[{"count":11,"href":"https:\/\/sukm.rs\/en\/wp-json\/wp\/v2\/pages\/1809\/revisions"}],"predecessor-version":[{"id":1889,"href":"https:\/\/sukm.rs\/en\/wp-json\/wp\/v2\/pages\/1809\/revisions\/1889"}],"wp:attachment":[{"href":"https:\/\/sukm.rs\/en\/wp-json\/wp\/v2\/media?parent=1809"}],"curies":[{"name":"wp","href":"https:\/\/api.w.org\/{rel}","templated":true}]}}